{"id":399,"date":"2020-04-01T14:55:17","date_gmt":"2020-04-01T14:55:17","guid":{"rendered":"http:\/\/kaoruhirose-sumie.com\/?page_id=399"},"modified":"2025-12-01T21:37:12","modified_gmt":"2025-12-01T19:37:12","slug":"biography","status":"publish","type":"page","link":"https:\/\/kaoruhirose-sumie.com\/en\/biography\/","title":{"rendered":"Biography"},"content":{"rendered":"\t\t<div data-elementor-type=\"wp-page\" data-elementor-id=\"399\" class=\"elementor elementor-399 elementor-28\" data-elementor-settings=\"[]\">\n\t\t\t\t\t\t<div class=\"elementor-inner\">\n\t\t\t\t\t\t\t<div class=\"elementor-section-wrap\">\n\t\t\t\t\t\t\t<section class=\"elementor-section elementor-top-section elementor-element elementor-element-495aaabc elementor-section-content-middle elementor-section-height-min-height elementor-section-boxed elementor-section-height-default elementor-section-items-middle\" data-id=\"495aaabc\" data-element_type=\"section\" data-settings=\"{&quot;background_background&quot;:&quot;video&quot;}\">\n\t\t\t\t\t\t<div class=\"elementor-container elementor-column-gap-wider\">\n\t\t\t\t\t\t\t<div class=\"elementor-row\">\n\t\t\t\t\t<div class=\"elementor-column elementor-col-50 elementor-top-column elementor-element elementor-element-e199f08\" data-id=\"e199f08\" data-element_type=\"column\">\n\t\t\t<div class=\"elementor-column-wrap elementor-element-populated\">\n\t\t\t\t\t\t\t<div class=\"elementor-widget-wrap\">\n\t\t\t\t\t\t<div class=\"elementor-element elementor-element-61698f11 elementor-widget elementor-widget-image\" data-id=\"61698f11\" data-element_type=\"widget\" data-widget_type=\"image.default\">\n\t\t\t\t<div class=\"elementor-widget-container\">\n\t\t\t\t\t<div class=\"elementor-image\">\n\t\t\t\t\t\t\t\t\t\t<img width=\"2000\" height=\"1335\" src=\"https:\/\/kaoruhirose-sumie.com\/wp-content\/uploads\/2020\/01\/kaoruhirose-sumie.jpg\" class=\"attachment-full size-full\" alt=\"\" loading=\"lazy\" srcset=\"https:\/\/kaoruhirose-sumie.com\/wp-content\/uploads\/2020\/01\/kaoruhirose-sumie.jpg 2000w, https:\/\/kaoruhirose-sumie.com\/wp-content\/uploads\/2020\/01\/kaoruhirose-sumie-300x200.jpg 300w, https:\/\/kaoruhirose-sumie.com\/wp-content\/uploads\/2020\/01\/kaoruhirose-sumie-1024x684.jpg 1024w, https:\/\/kaoruhirose-sumie.com\/wp-content\/uploads\/2020\/01\/kaoruhirose-sumie-768x513.jpg 768w, https:\/\/kaoruhirose-sumie.com\/wp-content\/uploads\/2020\/01\/kaoruhirose-sumie-1536x1025.jpg 1536w\" sizes=\"(max-width: 2000px) 100vw, 2000px\" \/>\t\t\t\t\t\t\t\t\t\t\t<\/div>\n\t\t\t\t<\/div>\n\t\t\t\t<\/div>\n\t\t\t\t\t\t<\/div>\n\t\t\t\t\t<\/div>\n\t\t<\/div>\n\t\t\t\t<div class=\"elementor-column elementor-col-50 elementor-top-column elementor-element elementor-element-1f646262\" data-id=\"1f646262\" data-element_type=\"column\">\n\t\t\t<div class=\"elementor-column-wrap elementor-element-populated\">\n\t\t\t\t\t\t\t<div class=\"elementor-widget-wrap\">\n\t\t\t\t\t\t<div class=\"elementor-element elementor-element-9507f21 elementor-widget elementor-widget-heading\" data-id=\"9507f21\" data-element_type=\"widget\" data-widget_type=\"heading.default\">\n\t\t\t\t<div class=\"elementor-widget-container\">\n\t\t\t<h1 class=\"elementor-heading-title elementor-size-default\">Kaoru Hirose<\/h1>\t\t<\/div>\n\t\t\t\t<\/div>\n\t\t\t\t<div class=\"elementor-element elementor-element-6e7fa29c elementor-widget-divider--view-line elementor-widget elementor-widget-divider\" data-id=\"6e7fa29c\" data-element_type=\"widget\" data-widget_type=\"divider.default\">\n\t\t\t\t<div class=\"elementor-widget-container\">\n\t\t\t\t\t<div class=\"elementor-divider\">\n\t\t\t<span class=\"elementor-divider-separator\">\n\t\t\t\t\t\t<\/span>\n\t\t<\/div>\n\t\t\t\t<\/div>\n\t\t\t\t<\/div>\n\t\t\t\t<div class=\"elementor-element elementor-element-128fdeb3 elementor-widget elementor-widget-text-editor\" data-id=\"128fdeb3\" data-element_type=\"widget\" data-widget_type=\"text-editor.default\">\n\t\t\t\t<div class=\"elementor-widget-container\">\n\t\t\t\t\t<div class=\"elementor-text-editor elementor-clearfix\"><p>Born in Tokushima, Japan, Kaoru is a Sumie artist and a certifiied teacher by the International Sumi-e Association of Tokyo. Since 2013, she has given courses, demonstrations and exhibitions of Sumi-e at various art universities, art schools and other art institutions in Berlin, Perpignan, Barcelona, Madrid, Valencia, and other cities in Europe.<\/p><p>After living most of her life in Japan, she moved to Canada, then to Germany, and since 2006 she has been living in Sitges, a beautiful Mediterranean town near Barcelona.<\/p><hr data-start=\"599\" data-end=\"602\" \/><p>\u00a0<\/p><\/div>\n\t\t\t\t<\/div>\n\t\t\t\t<\/div>\n\t\t\t\t\t\t<\/div>\n\t\t\t\t\t<\/div>\n\t\t<\/div>\n\t\t\t\t\t\t\t\t<\/div>\n\t\t\t\t\t<\/div>\n\t\t<\/section>\n\t\t\t\t<section class=\"elementor-section elementor-top-section elementor-element elementor-element-89cdf73 elementor-section-content-bottom elementor-section-boxed elementor-section-height-default elementor-section-height-default\" data-id=\"89cdf73\" data-element_type=\"section\">\n\t\t\t\t\t\t<div class=\"elementor-container elementor-column-gap-default\">\n\t\t\t\t\t\t\t<div class=\"elementor-row\">\n\t\t\t\t\t<div class=\"elementor-column elementor-col-100 elementor-top-column elementor-element elementor-element-64dbfbc\" data-id=\"64dbfbc\" data-element_type=\"column\">\n\t\t\t<div class=\"elementor-column-wrap elementor-element-populated\">\n\t\t\t\t\t\t\t<div class=\"elementor-widget-wrap\">\n\t\t\t\t\t\t<div class=\"elementor-element elementor-element-cab4ee4 elementor-tabs-view-horizontal elementor-widget elementor-widget-tabs\" data-id=\"cab4ee4\" data-element_type=\"widget\" data-widget_type=\"tabs.default\">\n\t\t\t\t<div class=\"elementor-widget-container\">\n\t\t\t\t\t<div class=\"elementor-tabs\" role=\"tablist\">\n\t\t\t<div class=\"elementor-tabs-wrapper\">\n\t\t\t\t\t\t\t\t\t<div id=\"elementor-tab-title-2121\" class=\"elementor-tab-title elementor-tab-desktop-title\" data-tab=\"1\" role=\"tab\" aria-controls=\"elementor-tab-content-2121\"><a href=\"\">Courses at Art Universities and Colleges<\/a><\/div>\n\t\t\t\t\t\t\t\t\t<div id=\"elementor-tab-title-2122\" class=\"elementor-tab-title elementor-tab-desktop-title\" data-tab=\"2\" role=\"tab\" aria-controls=\"elementor-tab-content-2122\"><a href=\"\">Training<\/a><\/div>\n\t\t\t\t\t\t\t\t\t<div id=\"elementor-tab-title-2123\" class=\"elementor-tab-title elementor-tab-desktop-title\" data-tab=\"3\" role=\"tab\" aria-controls=\"elementor-tab-content-2123\"><a href=\"\">Exhibitions<\/a><\/div>\n\t\t\t\t\t\t\t\t\t<div id=\"elementor-tab-title-2124\" class=\"elementor-tab-title elementor-tab-desktop-title\" data-tab=\"4\" role=\"tab\" aria-controls=\"elementor-tab-content-2124\"><a href=\"\">Demonstrations<\/a><\/div>\n\t\t\t\t\t\t\t\t\t<div id=\"elementor-tab-title-2125\" class=\"elementor-tab-title elementor-tab-desktop-title\" data-tab=\"5\" role=\"tab\" aria-controls=\"elementor-tab-content-2125\"><a href=\"\">Press<\/a><\/div>\n\t\t\t\t\t\t\t<\/div>\n\t\t\t<div class=\"elementor-tabs-content-wrapper\">\n\t\t\t\t\t\t\t\t\t<div class=\"elementor-tab-title elementor-tab-mobile-title\" data-tab=\"1\" role=\"tab\">Courses at Art Universities and Colleges<\/div>\n\t\t\t\t\t<div id=\"elementor-tab-content-2121\" class=\"elementor-tab-content elementor-clearfix\" data-tab=\"1\" role=\"tabpanel\" aria-labelledby=\"elementor-tab-title-2121\"><p>11.2025 &nbsp;Faculty of Fine Arts &#8211; Polytechnic University of Valencia, Spain&nbsp; <br>01.2025&nbsp; Arts Baccalureate &#8211; Joan Ramon Bernapr\u00e8s Institute, Sitges, Barcelona <br>12.2024&nbsp; <a href=\"https:\/\/www.instagram.com\/p\/DDeP0KnowG8\/\" target=\"_blank\" rel=\"noopener\">L&#8217;idem Creative Art School<\/a>, Barcelona, Spain<br>11.2024&nbsp; <a href=\"https:\/\/www.instagram.com\/p\/DDMg7Ixok_R\/\" target=\"_blank\" rel=\"noopener\">Tarragona School of Art and Design<\/a>, Tarragona, Spain<br>12.2023&nbsp; L&#8217;idem Creative Art School, Barcelona, Spain<br>02.2023&nbsp; <a href=\"https:\/\/www.instagram.com\/p\/CoKVoScIe4M\/?img_index=1\" target=\"_blank\" rel=\"noopener\">Tarragona School of Art and Design<\/a>, Tarragona, Spain<br>12.2022&nbsp; L&#8217;idem Creative Art School, Barcelona, Spain<br>01.2022&nbsp; CIC School of Baccalaureate in Fine Arts and Design, Barcelona, Spain<br>12.2021&nbsp; L&#8217;idem Creative Art School, Barcelona, Spain<br>09-12.2021 Escola Massana \u00b7 Art and Design Center, Barcelona, Spain<br>01.2021&nbsp; CIC School of Baccalaureate in Fine Arts and Design, Barcelona, Spain<br>12.2020&nbsp; L&#8217;idem Creative Art School, Barcelona, Spain<br>01.2020&nbsp; CIC School of Baccalaureate in Fine Arts and Design, Barcelona, Spain<br>12.2019&nbsp; L&#8217;idem Creative Art School, Barcelona, Spain<br>11.2019&nbsp; L&#8217;idem Creative Art School, Perpignan, France<br>09-12.2019 Escola Massana \u00b7 Art and Design Center, Barcelona, Spain<br>02.2019&nbsp; L&#8217;idem Art School, Barcleona, Barcelona, Spain<br>12.2018&nbsp; ELISAVA University School of Design and Engineering, Barcelona <br>12.2018&nbsp; CIC Escola de Batxiellat Arts pl\u00e0stiques i disseny, Barcelona<br>07.2018&nbsp; Arsenal Municipal School of Art &#8211; Villafranca de Pened\u00e8s, Spain<br>06.2018&nbsp; Municipal School of Art and Design &#8211; La Garriga, Spain<br>09.2016&nbsp; Autonomous University of Barcelona, Spain<br>07.2016&nbsp; Manolo Hugu\u00e9 Municipal School of Art &#8211; Caldes de Montbui, Spain<\/p>\n<div>&nbsp;<\/div>\n<div>&nbsp;<\/div>\n<p><\/p><\/div>\n\t\t\t\t\t\t\t\t\t<div class=\"elementor-tab-title elementor-tab-mobile-title\" data-tab=\"2\" role=\"tab\">Training<\/div>\n\t\t\t\t\t<div id=\"elementor-tab-content-2122\" class=\"elementor-tab-content elementor-clearfix\" data-tab=\"2\" role=\"tabpanel\" aria-labelledby=\"elementor-tab-title-2122\"><p>2012-2015 Sumi-e teacher certificate. International Sumi-e Association &#8211; Tokyo, Japan<br \/>\n2010-2011 Postgraduate in International Cultural Cooperation and Management. University of Barcelona, Spain<br \/>\n1993-1998 Bachelor of Arts in Language and Culture . Teaching Certificate. Osaka University of Foreign Studies &#8211; Osaka, Japan<\/p>\n<\/div>\n\t\t\t\t\t\t\t\t\t<div class=\"elementor-tab-title elementor-tab-mobile-title\" data-tab=\"3\" role=\"tab\">Exhibitions<\/div>\n\t\t\t\t\t<div id=\"elementor-tab-content-2123\" class=\"elementor-tab-content elementor-clearfix\" data-tab=\"3\" role=\"tabpanel\" aria-labelledby=\"elementor-tab-title-2123\"><p>06-08.2022 &#8220;\u3068\u3082\u306b &#8211; Juntos &#8211; Together&#8221; &#8211; Centro Cultural Miramar, Sitges, Barcelona<br>03-05.2018 Miramar Cultural Centre, Sitges, Barcelona<br>11.2017 Aqu\u00ed hi ha gat amagat, Centre Civic Pere Pruna &#8211; Barcelona<br>11.2017 Espaci\u00f3 de Esp\u00edritu de Jap\u00f3n, Salon de Manga &#8211; Fira Barcelona<br>10.2016 Espaci\u00f3 de Esp\u00edritu de Jap\u00f3n, Salon de Manga &#8211; Fira Barcelona<br>03.2016 La Quadra, Culture room- Santa Maria de Palautordera, Spain<br>10-12.2015 XXVIII Sanvisens Painting Competition &#8211; l&#8217;Edifici Miramar, Sitges, Barcelona<br>06.2013 Exposition of International Sumi-e Association &#8211; The National Art Center, Tokyo<\/p><\/div>\n\t\t\t\t\t\t\t\t\t<div class=\"elementor-tab-title elementor-tab-mobile-title\" data-tab=\"4\" role=\"tab\">Demonstrations<\/div>\n\t\t\t\t\t<div id=\"elementor-tab-content-2124\" class=\"elementor-tab-content elementor-clearfix\" data-tab=\"4\" role=\"tabpanel\" aria-labelledby=\"elementor-tab-title-2124\"><p>02.2019 ESNE University School of Design, Innovation and Technology &#8211; Madrid.<br \/>\n04.2018 Sant Jordi Day Fair &#8211; Sitges.<br \/>\n01.2017 Umaicha Press Conference &#8211; Green-spot, Barcelona<br \/>\n03.2015 Korekara Japan &#8211; Mitte Barcelona<br \/>\n01.2015 Japanese Association New Year&#8217;s Party &#8211; Hotel Meli\u00e0 &#8211; Barcelona<\/p>\n<\/div>\n\t\t\t\t\t\t\t\t\t<div class=\"elementor-tab-title elementor-tab-mobile-title\" data-tab=\"5\" role=\"tab\">Press<\/div>\n\t\t\t\t\t<div id=\"elementor-tab-content-2125\" class=\"elementor-tab-content elementor-clearfix\" data-tab=\"5\" role=\"tabpanel\" aria-labelledby=\"elementor-tab-title-2125\"><p>07.2022<br \/>\nLlegir.cat<br \/>\n&#8220;Sumi-e artists have the responsibility to spread this art&#8221;.<br \/>\nhttps:\/\/www.llegir.cat\/2022\/07\/kaoru-hirose-els-artistes-de-sumi-e-tenen-la-responsabilitat-de-difondre-aquest-art\/<\/p>\n<p>06.2022<br \/>\nRadio Maricel<br \/>\n&#8220;L&#8217;art Sumi-e d&#8217;una japonesa de Sitges al Miramar&#8221;.<br \/>\nhttp:\/\/www.radiomaricel.cat\/2022\/06\/23\/lart-sumi-e-duna-japonesa-de-sitges-al-miramar\/<\/p>\n<p>06.2022<br \/>\nCanal Blau<br \/>\nhttps:\/\/canalblau.alacarta.cat\/al-dia-noticies\/capitol\/al-dia-noticies-08-06-2022<br \/>\n**From 21:32<\/p>\n<p>06.2022<br \/>\nEix Diari<br \/>\nhttps:\/\/www.eixdiari.cat\/cultura\/doc\/101103\/lartista-japonesa-kaoru-hirose-exposa-a-sitges-lart-de-sumi-e-una-tecnica-de-pintura-nipona-amb-tint.html<\/p>\n<p>06. 2022<br \/>\nSitges Town Council<br \/>\nhttps:\/\/youtu.be\/5gGboH3F2Wg<\/p>\n<p>06. 2022<br \/>\nL&#8217;Eco de Sitges newspaper<br \/>\n&#8220;Sumi-e art is exhibited at Miramar&#8221;.<\/p>\n<p>03. 2021<br \/>\nNewspaper l&#8217;Eco de Sitges<br \/>\n&#8220;Art and Dona alegria fent-lo i rebent-lo&#8221;.<\/p>\n<p>03. 2020<br \/>\nTV3 &#8211; Televisi\u00f3 de Catalunya, Collaboration for<br \/>\n&#8220;Daniel Shiraishi: a very Japanese Brazilian&#8221;.<br \/>\nhttps:\/\/www.ccma.cat\/tv3\/alacarta\/programa\/daniel-shiraishi-un-brasiler-molt-japones\/video\/6033681\/<\/p>\n<p>09. 2016<br \/>\nPeri\u00f3dico setmanari montbui &#8220;La pintura tradicional oriental&#8221;.<\/p>\n<p>01. 2016 TV3 &#8211; Televisi\u00f3 de Catalunya &#8220;Ja t&#8217;ho far\u00e0s&#8221;.<br \/>\nhttps:\/\/vimeo.com\/153235205<br \/>\nhttp:\/\/www.ccma.cat\/tv3\/alacarta\/ja-tho-faras\/fet-a-ma-calligrafia-shodo-i-pintura-sumi-e\/video\/5576277\/?platform=hootsuite# **From 1:52<\/p>\n<\/div>\n\t\t\t\t\t\t\t<\/div>\n\t\t<\/div>\n\t\t\t\t<\/div>\n\t\t\t\t<\/div>\n\t\t\t\t\t\t<\/div>\n\t\t\t\t\t<\/div>\n\t\t<\/div>\n\t\t\t\t\t\t\t\t<\/div>\n\t\t\t\t\t<\/div>\n\t\t<\/section>\n\t\t\t\t\t\t<\/div>\n\t\t\t\t\t\t<\/div>\n\t\t\t\t\t<\/div>\n\t\t","protected":false},"excerpt":{"rendered":"<p>Kaoru Hirose Born in Tokushima, Japan, Kaoru is a Sumie artist and a certifiied teacher by the International Sumi-e Association of Tokyo. Since 2013, she has given courses, demonstrations and exhibitions of Sumi-e at various art universities, art schools and other art institutions in Berlin, Perpignan, Barcelona, Madrid, Valencia, and other cities in Europe. After &hellip;<\/p>\n<p class=\"read-more\"> <a class=\"\" href=\"https:\/\/kaoruhirose-sumie.com\/en\/biography\/\"> <span class=\"screen-reader-text\">Biography<\/span> Read More \u00bb<\/a><\/p>\n","protected":false},"author":1,"featured_media":400,"parent":0,"menu_order":0,"comment_status":"closed","ping_status":"closed","template":"","meta":{"site-sidebar-layout":"no-sidebar","site-content-layout":"page-builder","ast-global-header-display":"","ast-main-header-display":"","ast-hfb-above-header-display":"","ast-hfb-below-header-display":"","ast-hfb-mobile-header-display":"","site-post-title":"disabled","ast-breadcrumbs-content":"","ast-featured-img":"disabled","footer-sml-layout":"","theme-transparent-header-meta":"default","adv-header-id-meta":"","stick-header-meta":"default","header-above-stick-meta":"","header-main-stick-meta":"","header-below-stick-meta":""},"yoast_head":"<!-- This site is optimized with the Yoast SEO plugin v20.0 - https:\/\/yoast.com\/wordpress\/plugins\/seo\/ -->\n<title>Biography \u00b7 Kaoru Hirose \u00b7 Japanese Sumi-e Artist<\/title>\n<meta name=\"description\" content=\"Kaoru is a Japanese artist and certified professor of Sumi-e. She realizes courses, demonstrations and exhibitions in Barcelona and other cities in the world.\" \/>\n<meta name=\"robots\" content=\"index, follow, max-snippet:-1, max-image-preview:large, max-video-preview:-1\" \/>\n<link rel=\"canonical\" href=\"https:\/\/kaoruhirose-sumie.com\/en\/biography\/\" \/>\n<meta property=\"og:locale\" content=\"en_US\" \/>\n<meta property=\"og:type\" content=\"article\" \/>\n<meta property=\"og:title\" content=\"Biography \u00b7 Kaoru Hirose \u00b7 Japanese Sumi-e Artist\" \/>\n<meta property=\"og:description\" content=\"Kaoru is a Japanese artist and certified professor of Sumi-e. She realizes courses, demonstrations and exhibitions in Barcelona and other cities in the world.\" \/>\n<meta property=\"og:url\" content=\"https:\/\/kaoruhirose-sumie.com\/en\/biography\/\" \/>\n<meta property=\"og:site_name\" content=\"Sumi-e - Kaoru Hirose\" \/>\n<meta property=\"article:publisher\" content=\"https:\/\/www.facebook.com\/kaoru.hirose.14\" \/>\n<meta property=\"article:modified_time\" content=\"2025-12-01T19:37:12+00:00\" \/>\n<meta property=\"og:image\" content=\"https:\/\/kaoruhirose-sumie.com\/wp-content\/uploads\/2020\/01\/kaoruhirose-sumie.jpg\" \/>\n\t<meta property=\"og:image:width\" content=\"2000\" \/>\n\t<meta property=\"og:image:height\" content=\"1335\" \/>\n\t<meta property=\"og:image:type\" content=\"image\/jpeg\" \/>\n<meta name=\"twitter:card\" content=\"summary_large_image\" \/>\n<meta name=\"twitter:label1\" content=\"Est. reading time\" \/>\n\t<meta name=\"twitter:data1\" content=\"3 minutes\" \/>\n<script type=\"application\/ld+json\" class=\"yoast-schema-graph\">{\"@context\":\"https:\/\/schema.org\",\"@graph\":[{\"@type\":\"WebPage\",\"@id\":\"https:\/\/kaoruhirose-sumie.com\/en\/biography\/\",\"url\":\"https:\/\/kaoruhirose-sumie.com\/en\/biography\/\",\"name\":\"Biography \u00b7 Kaoru Hirose \u00b7 Japanese Sumi-e Artist\",\"isPartOf\":{\"@id\":\"https:\/\/kaoruhirose-sumie.com\/en\/#website\"},\"datePublished\":\"2020-04-01T14:55:17+00:00\",\"dateModified\":\"2025-12-01T19:37:12+00:00\",\"description\":\"Kaoru is a Japanese artist and certified professor of Sumi-e. She realizes courses, demonstrations and exhibitions in Barcelona and other cities in the world.\",\"breadcrumb\":{\"@id\":\"https:\/\/kaoruhirose-sumie.com\/en\/biography\/#breadcrumb\"},\"inLanguage\":\"en\",\"potentialAction\":[{\"@type\":\"ReadAction\",\"target\":[\"https:\/\/kaoruhirose-sumie.com\/en\/biography\/\"]}]},{\"@type\":\"BreadcrumbList\",\"@id\":\"https:\/\/kaoruhirose-sumie.com\/en\/biography\/#breadcrumb\",\"itemListElement\":[{\"@type\":\"ListItem\",\"position\":1,\"name\":\"Portada\",\"item\":\"https:\/\/kaoruhirose-sumie.com\/en\/\"},{\"@type\":\"ListItem\",\"position\":2,\"name\":\"Biography\"}]},{\"@type\":\"WebSite\",\"@id\":\"https:\/\/kaoruhirose-sumie.com\/en\/#website\",\"url\":\"https:\/\/kaoruhirose-sumie.com\/en\/\",\"name\":\"Sumi-e - Kaoru Hirose\",\"description\":\"Artista y profesora de Sumi-e. Arte de pintura japonesa con tinta\",\"publisher\":{\"@id\":\"https:\/\/kaoruhirose-sumie.com\/en\/#organization\"},\"potentialAction\":[{\"@type\":\"SearchAction\",\"target\":{\"@type\":\"EntryPoint\",\"urlTemplate\":\"https:\/\/kaoruhirose-sumie.com\/en\/?s={search_term_string}\"},\"query-input\":\"required name=search_term_string\"}],\"inLanguage\":\"en\"},{\"@type\":\"Organization\",\"@id\":\"https:\/\/kaoruhirose-sumie.com\/en\/#organization\",\"name\":\"Kaoru Hirose Sumi-e\",\"url\":\"https:\/\/kaoruhirose-sumie.com\/en\/\",\"logo\":{\"@type\":\"ImageObject\",\"inLanguage\":\"en\",\"@id\":\"https:\/\/kaoruhirose-sumie.com\/en\/#\/schema\/logo\/image\/\",\"url\":\"https:\/\/kaoruhirose-sumie.com\/wp-content\/uploads\/2020\/02\/logo-kaoru.jpg\",\"contentUrl\":\"https:\/\/kaoruhirose-sumie.com\/wp-content\/uploads\/2020\/02\/logo-kaoru.jpg\",\"width\":591,\"height\":661,\"caption\":\"Kaoru Hirose Sumi-e\"},\"image\":{\"@id\":\"https:\/\/kaoruhirose-sumie.com\/en\/#\/schema\/logo\/image\/\"},\"sameAs\":[\"https:\/\/instagram.com\/kaoru_hirose_sumie\/\",\"https:\/\/www.facebook.com\/kaoru.hirose.14\"]}]}<\/script>\n<!-- \/ Yoast SEO plugin. -->","yoast_head_json":{"title":"Biography \u00b7 Kaoru Hirose \u00b7 Japanese Sumi-e Artist","description":"Kaoru is a Japanese artist and certified professor of Sumi-e. She realizes courses, demonstrations and exhibitions in Barcelona and other cities in the world.","robots":{"index":"index","follow":"follow","max-snippet":"max-snippet:-1","max-image-preview":"max-image-preview:large","max-video-preview":"max-video-preview:-1"},"canonical":"https:\/\/kaoruhirose-sumie.com\/en\/biography\/","og_locale":"en_US","og_type":"article","og_title":"Biography \u00b7 Kaoru Hirose \u00b7 Japanese Sumi-e Artist","og_description":"Kaoru is a Japanese artist and certified professor of Sumi-e. She realizes courses, demonstrations and exhibitions in Barcelona and other cities in the world.","og_url":"https:\/\/kaoruhirose-sumie.com\/en\/biography\/","og_site_name":"Sumi-e - Kaoru Hirose","article_publisher":"https:\/\/www.facebook.com\/kaoru.hirose.14","article_modified_time":"2025-12-01T19:37:12+00:00","og_image":[{"width":2000,"height":1335,"url":"https:\/\/kaoruhirose-sumie.com\/wp-content\/uploads\/2020\/01\/kaoruhirose-sumie.jpg","type":"image\/jpeg"}],"twitter_card":"summary_large_image","twitter_misc":{"Est. reading time":"3 minutes"},"schema":{"@context":"https:\/\/schema.org","@graph":[{"@type":"WebPage","@id":"https:\/\/kaoruhirose-sumie.com\/en\/biography\/","url":"https:\/\/kaoruhirose-sumie.com\/en\/biography\/","name":"Biography \u00b7 Kaoru Hirose \u00b7 Japanese Sumi-e Artist","isPartOf":{"@id":"https:\/\/kaoruhirose-sumie.com\/en\/#website"},"datePublished":"2020-04-01T14:55:17+00:00","dateModified":"2025-12-01T19:37:12+00:00","description":"Kaoru is a Japanese artist and certified professor of Sumi-e. She realizes courses, demonstrations and exhibitions in Barcelona and other cities in the world.","breadcrumb":{"@id":"https:\/\/kaoruhirose-sumie.com\/en\/biography\/#breadcrumb"},"inLanguage":"en","potentialAction":[{"@type":"ReadAction","target":["https:\/\/kaoruhirose-sumie.com\/en\/biography\/"]}]},{"@type":"BreadcrumbList","@id":"https:\/\/kaoruhirose-sumie.com\/en\/biography\/#breadcrumb","itemListElement":[{"@type":"ListItem","position":1,"name":"Portada","item":"https:\/\/kaoruhirose-sumie.com\/en\/"},{"@type":"ListItem","position":2,"name":"Biography"}]},{"@type":"WebSite","@id":"https:\/\/kaoruhirose-sumie.com\/en\/#website","url":"https:\/\/kaoruhirose-sumie.com\/en\/","name":"Sumi-e - Kaoru Hirose","description":"Artista y profesora de Sumi-e. Arte de pintura japonesa con tinta","publisher":{"@id":"https:\/\/kaoruhirose-sumie.com\/en\/#organization"},"potentialAction":[{"@type":"SearchAction","target":{"@type":"EntryPoint","urlTemplate":"https:\/\/kaoruhirose-sumie.com\/en\/?s={search_term_string}"},"query-input":"required name=search_term_string"}],"inLanguage":"en"},{"@type":"Organization","@id":"https:\/\/kaoruhirose-sumie.com\/en\/#organization","name":"Kaoru Hirose Sumi-e","url":"https:\/\/kaoruhirose-sumie.com\/en\/","logo":{"@type":"ImageObject","inLanguage":"en","@id":"https:\/\/kaoruhirose-sumie.com\/en\/#\/schema\/logo\/image\/","url":"https:\/\/kaoruhirose-sumie.com\/wp-content\/uploads\/2020\/02\/logo-kaoru.jpg","contentUrl":"https:\/\/kaoruhirose-sumie.com\/wp-content\/uploads\/2020\/02\/logo-kaoru.jpg","width":591,"height":661,"caption":"Kaoru Hirose Sumi-e"},"image":{"@id":"https:\/\/kaoruhirose-sumie.com\/en\/#\/schema\/logo\/image\/"},"sameAs":["https:\/\/instagram.com\/kaoru_hirose_sumie\/","https:\/\/www.facebook.com\/kaoru.hirose.14"]}]}},"_links":{"self":[{"href":"https:\/\/kaoruhirose-sumie.com\/en\/wp-json\/wp\/v2\/pages\/399"}],"collection":[{"href":"https:\/\/kaoruhirose-sumie.com\/en\/wp-json\/wp\/v2\/pages"}],"about":[{"href":"https:\/\/kaoruhirose-sumie.com\/en\/wp-json\/wp\/v2\/types\/page"}],"author":[{"embeddable":true,"href":"https:\/\/kaoruhirose-sumie.com\/en\/wp-json\/wp\/v2\/users\/1"}],"replies":[{"embeddable":true,"href":"https:\/\/kaoruhirose-sumie.com\/en\/wp-json\/wp\/v2\/comments?post=399"}],"version-history":[{"count":23,"href":"https:\/\/kaoruhirose-sumie.com\/en\/wp-json\/wp\/v2\/pages\/399\/revisions"}],"predecessor-version":[{"id":5083,"href":"https:\/\/kaoruhirose-sumie.com\/en\/wp-json\/wp\/v2\/pages\/399\/revisions\/5083"}],"wp:featuredmedia":[{"embeddable":true,"href":"https:\/\/kaoruhirose-sumie.com\/en\/wp-json\/wp\/v2\/media\/400"}],"wp:attachment":[{"href":"https:\/\/kaoruhirose-sumie.com\/en\/wp-json\/wp\/v2\/media?parent=399"}],"curies":[{"name":"wp","href":"https:\/\/api.w.org\/{rel}","templated":true}]}}